{"id":31,"date":"2023-08-25T20:50:04","date_gmt":"2023-08-25T18:50:04","guid":{"rendered":"https:\/\/rostkloppers-going-to-kathmandu.com\/?page_id=31"},"modified":"2025-09-24T15:18:43","modified_gmt":"2025-09-24T13:18:43","slug":"startseite","status":"publish","type":"page","link":"https:\/\/rostkloppers-going-to-kathmandu.de\/en\/","title":{"rendered":"Home page"},"content":{"rendered":"<div class=\"wp-block-cover alignfull is-light hestia-clear-top-padding\" style=\"min-height:713px;aspect-ratio:unset;\"><span aria-hidden=\"true\" class=\"wp-block-cover__background has-white-background-color has-background-dim-100 has-background-dim\"><\/span><div class=\"wp-block-cover__inner-container is-layout-flow wp-block-cover-is-layout-flow\">\n<h2 class=\"wp-block-heading has-text-align-center has-text-color\" style=\"color:#3c4858\">What are our current projects?<\/h2>\n\n\n\n<div style=\"height:40px\" aria-hidden=\"true\" class=\"wp-block-spacer\"><\/div>\n\n\n\n<div class=\"wp-block-columns container is-layout-flex wp-container-core-columns-is-layout-28f84493 wp-block-columns-is-layout-flex\">\n<div class=\"wp-block-column is-layout-flow wp-block-column-is-layout-flow\"><div class=\"wp-block-image is-style-default\">\n<figure class=\"aligncenter size-medium is-resized\"><img loading=\"lazy\" decoding=\"async\" width=\"300\" height=\"225\" src=\"https:\/\/rostkloppers-going-to-kathmandu.de\/wp-content\/uploads\/2025\/08\/8b22041f-3e08-4d32-af26-5cc8cc25a914-300x225.jpg\" alt=\"\" class=\"wp-image-765\" style=\"object-fit:cover;width:102px;height:93px\" srcset=\"https:\/\/rostkloppers-going-to-kathmandu.de\/wp-content\/uploads\/2025\/08\/8b22041f-3e08-4d32-af26-5cc8cc25a914-300x225.jpg 300w, https:\/\/rostkloppers-going-to-kathmandu.de\/wp-content\/uploads\/2025\/08\/8b22041f-3e08-4d32-af26-5cc8cc25a914-1024x768.jpg 1024w, https:\/\/rostkloppers-going-to-kathmandu.de\/wp-content\/uploads\/2025\/08\/8b22041f-3e08-4d32-af26-5cc8cc25a914-768x576.jpg 768w, https:\/\/rostkloppers-going-to-kathmandu.de\/wp-content\/uploads\/2025\/08\/8b22041f-3e08-4d32-af26-5cc8cc25a914-16x12.jpg 16w, https:\/\/rostkloppers-going-to-kathmandu.de\/wp-content\/uploads\/2025\/08\/8b22041f-3e08-4d32-af26-5cc8cc25a914-600x450.jpg 600w, https:\/\/rostkloppers-going-to-kathmandu.de\/wp-content\/uploads\/2025\/08\/8b22041f-3e08-4d32-af26-5cc8cc25a914.jpg 1280w\" sizes=\"auto, (max-width: 300px) 100vw, 300px\" \/><\/figure>\n<\/div>\n\n\n<h5 class=\"wp-block-heading has-text-align-center has-text-color\" style=\"color:#3c4858;font-size:18px\">&#8222;Mission is possible&#8220;<\/h5>\n\n\n\n<p class=\"has-text-align-center has-text-color\" style=\"color:#999999;font-size:14px\">Wir m\u00f6chten den Bau einer Schulk\u00fcche und einer festen Toilette f\u00fcr M\u00e4dchen finanzieren, damit auch in Nepal Bildung gesund und w\u00fcrdevoll ist.<\/p>\n\n\n\n<div style=\"height:50px\" aria-hidden=\"true\" class=\"wp-block-spacer\"><\/div>\n\n\n\n<div class=\"wp-block-buttons is-content-justification-center is-layout-flex wp-container-core-buttons-is-layout-a89b3969 wp-block-buttons-is-layout-flex\">\n<div class=\"wp-block-button is-style-fill\"><a class=\"wp-block-button__link wp-element-button\" href=\"https:\/\/rostkloppers-going-to-kathmandu.de\/en\/nepal\/mission-is-possible\/\">More info<\/a><\/div>\n<\/div>\n\n\n\n<div style=\"height:22px\" aria-hidden=\"true\" class=\"wp-block-spacer\"><\/div>\n<\/div>\n\n\n\n<div class=\"wp-block-column is-layout-flow wp-block-column-is-layout-flow\"><div class=\"wp-block-image is-style-default\">\n<figure class=\"aligncenter size-medium is-resized\"><img loading=\"lazy\" decoding=\"async\" width=\"300\" height=\"273\" src=\"https:\/\/rostkloppers-going-to-kathmandu.de\/wp-content\/uploads\/2024\/03\/WhatsApp-Image-2024-03-21-at-08.35.20-300x273.jpeg\" alt=\"\" class=\"wp-image-407\" style=\"object-fit:contain;width:102px;height:93px\" srcset=\"https:\/\/rostkloppers-going-to-kathmandu.de\/wp-content\/uploads\/2024\/03\/WhatsApp-Image-2024-03-21-at-08.35.20-300x273.jpeg 300w, https:\/\/rostkloppers-going-to-kathmandu.de\/wp-content\/uploads\/2024\/03\/WhatsApp-Image-2024-03-21-at-08.35.20.jpeg 475w\" sizes=\"auto, (max-width: 300px) 100vw, 300px\" \/><\/figure>\n<\/div>\n\n\n<h5 class=\"wp-block-heading has-text-align-center has-text-color\" style=\"color:#3c4858;font-size:18px\">&#8222;One Hand for Barsha&#8220;<\/h5>\n\n\n\n<p class=\"has-text-align-center has-text-color\" style=\"color:#999999;font-size:14px\">At the age of one, Barsha suffered burns and lost her right hand. We have set ourselves the goal of organizing a prosthesis for Barsha to alleviate the physical impairment and social stigma.<\/p>\n\n\n\n<div style=\"height:2px\" aria-hidden=\"true\" class=\"wp-block-spacer\"><\/div>\n\n\n\n<div class=\"wp-block-buttons is-content-justification-center is-layout-flex wp-container-core-buttons-is-layout-a89b3969 wp-block-buttons-is-layout-flex\">\n<div class=\"wp-block-button is-style-fill\"><a class=\"wp-block-button__link wp-element-button\" href=\"https:\/\/rostkloppers-going-to-kathmandu.de\/en\/nepal\/one-hand-for-barsha\/\">More info<\/a><\/div>\n<\/div>\n\n\n\n<div style=\"height:22px\" aria-hidden=\"true\" class=\"wp-block-spacer\"><\/div>\n<\/div>\n\n\n\n<div class=\"wp-block-column is-layout-flow wp-block-column-is-layout-flow\"><div class=\"wp-block-image\">\n<figure class=\"aligncenter size-large is-resized\"><img loading=\"lazy\" decoding=\"async\" width=\"1024\" height=\"527\" src=\"https:\/\/rostkloppers-going-to-kathmandu.de\/wp-content\/uploads\/2023\/08\/karmaflightslogo-social-1024x527.png\" alt=\"\" class=\"wp-image-130\" style=\"width:181px;height:93px\" srcset=\"https:\/\/rostkloppers-going-to-kathmandu.de\/wp-content\/uploads\/2023\/08\/karmaflightslogo-social-1024x527.png 1024w, https:\/\/rostkloppers-going-to-kathmandu.de\/wp-content\/uploads\/2023\/08\/karmaflightslogo-social-600x309.png 600w, https:\/\/rostkloppers-going-to-kathmandu.de\/wp-content\/uploads\/2023\/08\/karmaflightslogo-social-300x154.png 300w, https:\/\/rostkloppers-going-to-kathmandu.de\/wp-content\/uploads\/2023\/08\/karmaflightslogo-social-768x395.png 768w, https:\/\/rostkloppers-going-to-kathmandu.de\/wp-content\/uploads\/2023\/08\/karmaflightslogo-social-1536x790.png 1536w, https:\/\/rostkloppers-going-to-kathmandu.de\/wp-content\/uploads\/2023\/08\/karmaflightslogo-social-2048x1053.png 2048w\" sizes=\"auto, (max-width: 1024px) 100vw, 1024px\" \/><\/figure>\n<\/div>\n\n\n<h5 class=\"wp-block-heading has-text-align-center has-text-color\" style=\"color:#3c4858;font-size:18px\">Karma Flights<\/h5>\n\n\n\n<p class=\"has-text-align-center has-text-color\" style=\"color:#999999;font-size:14px\">Together with the charitable organization Karma Flights from Pokhara, Nepal, we have distributed jackets to needy children in mountain villages. Among other things, we want to organize a prosthesis for Barsha with Karma Flights.<\/p>\n\n\n\n<div class=\"wp-block-buttons is-content-justification-center is-layout-flex wp-container-core-buttons-is-layout-a89b3969 wp-block-buttons-is-layout-flex\">\n<div class=\"wp-block-button\"><a class=\"wp-block-button__link wp-element-button\" href=\"https:\/\/rostkloppers-going-to-kathmandu.de\/en\/2023\/08\/25\/karma-flights\/\">More info<\/a><\/div>\n<\/div>\n\n\n\n<div style=\"height:25px\" aria-hidden=\"true\" class=\"wp-block-spacer\"><\/div>\n<\/div>\n<\/div>\n\n\n\n<div style=\"height:40px\" aria-hidden=\"true\" class=\"wp-block-spacer\"><\/div>\n<\/div><\/div>\n\n\n\n<div class=\"wp-block-columns container is-layout-flex wp-container-core-columns-is-layout-28f84493 wp-block-columns-is-layout-flex\">\n<div class=\"wp-block-column col-md-5 is-layout-flow wp-block-column-is-layout-flow\">\n<div style=\"height:55px\" aria-hidden=\"true\" class=\"wp-block-spacer\"><\/div>\n\n\n\n<h2 class=\"wp-block-heading\">More information about the Rostkloppers going to Kathmandu<\/h2>\n\n\n\n<p>If you want to know more about us take a look at our <a href=\"https:\/\/rostkloppers-going-to-kathmandu.com\/blog\/\" data-type=\"page\" data-id=\"33\">Blog<\/a> or <a href=\"#contact\" data-type=\"page\" data-id=\"32\">write<\/a> to us<\/p>\n<\/div>\n\n\n\n<div class=\"wp-block-column col-md-6 col-md-offset1 is-layout-flow wp-block-column-is-layout-flow\">\n<div style=\"height:55px\" aria-hidden=\"true\" class=\"wp-block-spacer\"><\/div>\n\n\n\n<p><\/p>\n<\/div>\n<\/div>","protected":false},"excerpt":{"rendered":"<p>Mehr Informationen \u00fcber die Rostkloppers going to Kathmandu Falls Ihr mehr \u00fcber uns wissen wollt schaut in unserem Blog oder schreibt uns einfach.<\/p>","protected":false},"author":1,"featured_media":95,"parent":0,"menu_order":0,"comment_status":"closed","ping_status":"closed","template":"","meta":{"footnotes":""},"class_list":["post-31","page","type-page","status-publish","has-post-thumbnail","hentry"],"yoast_head":"<!-- This site is optimized with the Yoast SEO plugin v27.4 - https:\/\/yoast.com\/product\/yoast-seo-wordpress\/ -->\n<title>Startseite - rostkloppers-going-to-kathmandu.de<\/title>\n<meta name=\"description\" content=\"Wir sind ein bunter Haufen von Leuten die eine Leidenschaft f\u00fcr Nepal entwickelt haben. Wir unterst\u00fctzen gemeinn\u00fctzige Projekte, nicht nur in Nepal.\" \/>\n<meta name=\"robots\" content=\"index, follow, max-snippet:-1, max-image-preview:large, max-video-preview:-1\" \/>\n<link rel=\"canonical\" href=\"https:\/\/rostkloppers-going-to-kathmandu.de\/en\/\" \/>\n<meta property=\"og:locale\" content=\"en_GB\" \/>\n<meta property=\"og:type\" content=\"article\" \/>\n<meta property=\"og:title\" content=\"Startseite - rostkloppers-going-to-kathmandu.de\" \/>\n<meta property=\"og:description\" content=\"Wir sind ein bunter Haufen von Leuten die eine Leidenschaft f\u00fcr Nepal entwickelt haben. Wir unterst\u00fctzen gemeinn\u00fctzige Projekte, nicht nur in Nepal.\" \/>\n<meta property=\"og:url\" content=\"https:\/\/rostkloppers-going-to-kathmandu.de\/en\/\" \/>\n<meta property=\"og:site_name\" content=\"rostkloppers-going-to-kathmandu.de\" \/>\n<meta property=\"article:modified_time\" content=\"2025-09-24T13:18:43+00:00\" \/>\n<meta property=\"og:image\" content=\"https:\/\/rostkloppers-going-to-kathmandu.de\/wp-content\/uploads\/2023\/08\/cropped-android-chrome-512x512-1.png\" \/>\n\t<meta property=\"og:image:width\" content=\"512\" \/>\n\t<meta property=\"og:image:height\" content=\"512\" \/>\n\t<meta property=\"og:image:type\" content=\"image\/png\" \/>\n<meta name=\"twitter:card\" content=\"summary_large_image\" \/>\n<meta name=\"twitter:label1\" content=\"Estimated reading time\" \/>\n\t<meta name=\"twitter:data1\" content=\"2 minutes\" \/>\n<script type=\"application\/ld+json\" class=\"yoast-schema-graph\">{\"@context\":\"https:\\\/\\\/schema.org\",\"@graph\":[{\"@type\":\"WebPage\",\"@id\":\"https:\\\/\\\/rostkloppers-going-to-kathmandu.de\\\/\",\"url\":\"https:\\\/\\\/rostkloppers-going-to-kathmandu.de\\\/\",\"name\":\"Startseite - rostkloppers-going-to-kathmandu.de\",\"isPartOf\":{\"@id\":\"https:\\\/\\\/rostkloppers-going-to-kathmandu.de\\\/#website\"},\"primaryImageOfPage\":{\"@id\":\"https:\\\/\\\/rostkloppers-going-to-kathmandu.de\\\/#primaryimage\"},\"image\":{\"@id\":\"https:\\\/\\\/rostkloppers-going-to-kathmandu.de\\\/#primaryimage\"},\"thumbnailUrl\":\"https:\\\/\\\/rostkloppers-going-to-kathmandu.de\\\/wp-content\\\/uploads\\\/2023\\\/08\\\/cropped-android-chrome-512x512-1.png\",\"datePublished\":\"2023-08-25T18:50:04+00:00\",\"dateModified\":\"2025-09-24T13:18:43+00:00\",\"description\":\"Wir sind ein bunter Haufen von Leuten die eine Leidenschaft f\u00fcr Nepal entwickelt haben. Wir unterst\u00fctzen gemeinn\u00fctzige Projekte, nicht nur in Nepal.\",\"breadcrumb\":{\"@id\":\"https:\\\/\\\/rostkloppers-going-to-kathmandu.de\\\/#breadcrumb\"},\"inLanguage\":\"en-GB\",\"potentialAction\":[{\"@type\":\"ReadAction\",\"target\":[\"https:\\\/\\\/rostkloppers-going-to-kathmandu.de\\\/\"]}]},{\"@type\":\"ImageObject\",\"inLanguage\":\"en-GB\",\"@id\":\"https:\\\/\\\/rostkloppers-going-to-kathmandu.de\\\/#primaryimage\",\"url\":\"https:\\\/\\\/rostkloppers-going-to-kathmandu.de\\\/wp-content\\\/uploads\\\/2023\\\/08\\\/cropped-android-chrome-512x512-1.png\",\"contentUrl\":\"https:\\\/\\\/rostkloppers-going-to-kathmandu.de\\\/wp-content\\\/uploads\\\/2023\\\/08\\\/cropped-android-chrome-512x512-1.png\",\"width\":512,\"height\":512},{\"@type\":\"BreadcrumbList\",\"@id\":\"https:\\\/\\\/rostkloppers-going-to-kathmandu.de\\\/#breadcrumb\",\"itemListElement\":[{\"@type\":\"ListItem\",\"position\":1,\"name\":\"Startseite\",\"item\":\"https:\\\/\\\/rostkloppers-going-to-kathmandu.de\\\/\"},{\"@type\":\"ListItem\",\"position\":2,\"name\":\"Startseite\"}]},{\"@type\":\"WebSite\",\"@id\":\"https:\\\/\\\/rostkloppers-going-to-kathmandu.de\\\/#website\",\"url\":\"https:\\\/\\\/rostkloppers-going-to-kathmandu.de\\\/\",\"name\":\"rostkloppers-going-to-kathmandu.de\",\"description\":\"\",\"publisher\":{\"@id\":\"https:\\\/\\\/rostkloppers-going-to-kathmandu.de\\\/#organization\"},\"potentialAction\":[{\"@type\":\"SearchAction\",\"target\":{\"@type\":\"EntryPoint\",\"urlTemplate\":\"https:\\\/\\\/rostkloppers-going-to-kathmandu.de\\\/?s={search_term_string}\"},\"query-input\":{\"@type\":\"PropertyValueSpecification\",\"valueRequired\":true,\"valueName\":\"search_term_string\"}}],\"inLanguage\":\"en-GB\"},{\"@type\":\"Organization\",\"@id\":\"https:\\\/\\\/rostkloppers-going-to-kathmandu.de\\\/#organization\",\"name\":\"Rostkloppers going to Kathmandu\",\"url\":\"https:\\\/\\\/rostkloppers-going-to-kathmandu.de\\\/\",\"logo\":{\"@type\":\"ImageObject\",\"inLanguage\":\"en-GB\",\"@id\":\"https:\\\/\\\/rostkloppers-going-to-kathmandu.de\\\/#\\\/schema\\\/logo\\\/image\\\/\",\"url\":\"https:\\\/\\\/rostkloppers-going-to-kathmandu.de\\\/wp-content\\\/uploads\\\/2023\\\/08\\\/Logo_Rostkloppers_Katmandu-weiss-rot_web.png\",\"contentUrl\":\"https:\\\/\\\/rostkloppers-going-to-kathmandu.de\\\/wp-content\\\/uploads\\\/2023\\\/08\\\/Logo_Rostkloppers_Katmandu-weiss-rot_web.png\",\"width\":1200,\"height\":803,\"caption\":\"Rostkloppers going to Kathmandu\"},\"image\":{\"@id\":\"https:\\\/\\\/rostkloppers-going-to-kathmandu.de\\\/#\\\/schema\\\/logo\\\/image\\\/\"}}]}<\/script>\n<!-- \/ Yoast SEO plugin. -->","yoast_head_json":{"title":"Startseite - rostkloppers-going-to-kathmandu.de","description":"Wir sind ein bunter Haufen von Leuten die eine Leidenschaft f\u00fcr Nepal entwickelt haben. Wir unterst\u00fctzen gemeinn\u00fctzige Projekte, nicht nur in Nepal.","robots":{"index":"index","follow":"follow","max-snippet":"max-snippet:-1","max-image-preview":"max-image-preview:large","max-video-preview":"max-video-preview:-1"},"canonical":"https:\/\/rostkloppers-going-to-kathmandu.de\/en\/","og_locale":"en_GB","og_type":"article","og_title":"Startseite - rostkloppers-going-to-kathmandu.de","og_description":"Wir sind ein bunter Haufen von Leuten die eine Leidenschaft f\u00fcr Nepal entwickelt haben. Wir unterst\u00fctzen gemeinn\u00fctzige Projekte, nicht nur in Nepal.","og_url":"https:\/\/rostkloppers-going-to-kathmandu.de\/en\/","og_site_name":"rostkloppers-going-to-kathmandu.de","article_modified_time":"2025-09-24T13:18:43+00:00","og_image":[{"width":512,"height":512,"url":"https:\/\/rostkloppers-going-to-kathmandu.de\/wp-content\/uploads\/2023\/08\/cropped-android-chrome-512x512-1.png","type":"image\/png"}],"twitter_card":"summary_large_image","twitter_misc":{"Estimated reading time":"2 minutes"},"schema":{"@context":"https:\/\/schema.org","@graph":[{"@type":"WebPage","@id":"https:\/\/rostkloppers-going-to-kathmandu.de\/","url":"https:\/\/rostkloppers-going-to-kathmandu.de\/","name":"Startseite - rostkloppers-going-to-kathmandu.de","isPartOf":{"@id":"https:\/\/rostkloppers-going-to-kathmandu.de\/#website"},"primaryImageOfPage":{"@id":"https:\/\/rostkloppers-going-to-kathmandu.de\/#primaryimage"},"image":{"@id":"https:\/\/rostkloppers-going-to-kathmandu.de\/#primaryimage"},"thumbnailUrl":"https:\/\/rostkloppers-going-to-kathmandu.de\/wp-content\/uploads\/2023\/08\/cropped-android-chrome-512x512-1.png","datePublished":"2023-08-25T18:50:04+00:00","dateModified":"2025-09-24T13:18:43+00:00","description":"Wir sind ein bunter Haufen von Leuten die eine Leidenschaft f\u00fcr Nepal entwickelt haben. Wir unterst\u00fctzen gemeinn\u00fctzige Projekte, nicht nur in Nepal.","breadcrumb":{"@id":"https:\/\/rostkloppers-going-to-kathmandu.de\/#breadcrumb"},"inLanguage":"en-GB","potentialAction":[{"@type":"ReadAction","target":["https:\/\/rostkloppers-going-to-kathmandu.de\/"]}]},{"@type":"ImageObject","inLanguage":"en-GB","@id":"https:\/\/rostkloppers-going-to-kathmandu.de\/#primaryimage","url":"https:\/\/rostkloppers-going-to-kathmandu.de\/wp-content\/uploads\/2023\/08\/cropped-android-chrome-512x512-1.png","contentUrl":"https:\/\/rostkloppers-going-to-kathmandu.de\/wp-content\/uploads\/2023\/08\/cropped-android-chrome-512x512-1.png","width":512,"height":512},{"@type":"BreadcrumbList","@id":"https:\/\/rostkloppers-going-to-kathmandu.de\/#breadcrumb","itemListElement":[{"@type":"ListItem","position":1,"name":"Startseite","item":"https:\/\/rostkloppers-going-to-kathmandu.de\/"},{"@type":"ListItem","position":2,"name":"Startseite"}]},{"@type":"WebSite","@id":"https:\/\/rostkloppers-going-to-kathmandu.de\/#website","url":"https:\/\/rostkloppers-going-to-kathmandu.de\/","name":"rostkloppers-going-to-kathmandu.de","description":"","publisher":{"@id":"https:\/\/rostkloppers-going-to-kathmandu.de\/#organization"},"potentialAction":[{"@type":"SearchAction","target":{"@type":"EntryPoint","urlTemplate":"https:\/\/rostkloppers-going-to-kathmandu.de\/?s={search_term_string}"},"query-input":{"@type":"PropertyValueSpecification","valueRequired":true,"valueName":"search_term_string"}}],"inLanguage":"en-GB"},{"@type":"Organization","@id":"https:\/\/rostkloppers-going-to-kathmandu.de\/#organization","name":"Rostkloppers going to Kathmandu","url":"https:\/\/rostkloppers-going-to-kathmandu.de\/","logo":{"@type":"ImageObject","inLanguage":"en-GB","@id":"https:\/\/rostkloppers-going-to-kathmandu.de\/#\/schema\/logo\/image\/","url":"https:\/\/rostkloppers-going-to-kathmandu.de\/wp-content\/uploads\/2023\/08\/Logo_Rostkloppers_Katmandu-weiss-rot_web.png","contentUrl":"https:\/\/rostkloppers-going-to-kathmandu.de\/wp-content\/uploads\/2023\/08\/Logo_Rostkloppers_Katmandu-weiss-rot_web.png","width":1200,"height":803,"caption":"Rostkloppers going to Kathmandu"},"image":{"@id":"https:\/\/rostkloppers-going-to-kathmandu.de\/#\/schema\/logo\/image\/"}}]}},"jetpack_sharing_enabled":true,"_links":{"self":[{"href":"https:\/\/rostkloppers-going-to-kathmandu.de\/en\/wp-json\/wp\/v2\/pages\/31","targetHints":{"allow":["GET"]}}],"collection":[{"href":"https:\/\/rostkloppers-going-to-kathmandu.de\/en\/wp-json\/wp\/v2\/pages"}],"about":[{"href":"https:\/\/rostkloppers-going-to-kathmandu.de\/en\/wp-json\/wp\/v2\/types\/page"}],"author":[{"embeddable":true,"href":"https:\/\/rostkloppers-going-to-kathmandu.de\/en\/wp-json\/wp\/v2\/users\/1"}],"replies":[{"embeddable":true,"href":"https:\/\/rostkloppers-going-to-kathmandu.de\/en\/wp-json\/wp\/v2\/comments?post=31"}],"version-history":[{"count":10,"href":"https:\/\/rostkloppers-going-to-kathmandu.de\/en\/wp-json\/wp\/v2\/pages\/31\/revisions"}],"predecessor-version":[{"id":797,"href":"https:\/\/rostkloppers-going-to-kathmandu.de\/en\/wp-json\/wp\/v2\/pages\/31\/revisions\/797"}],"wp:featuredmedia":[{"embeddable":true,"href":"https:\/\/rostkloppers-going-to-kathmandu.de\/en\/wp-json\/wp\/v2\/media\/95"}],"wp:attachment":[{"href":"https:\/\/rostkloppers-going-to-kathmandu.de\/en\/wp-json\/wp\/v2\/media?parent=31"}],"curies":[{"name":"wp","href":"https:\/\/api.w.org\/{rel}","templated":true}]}}